{"id":6450,"date":"2019-01-03T14:33:05","date_gmt":"2019-01-03T12:33:05","guid":{"rendered":"http:\/\/descubriendomadrid.com\/paneldecontrol\/visitas-de-monumentos-y-museos\/"},"modified":"2021-04-16T11:37:51","modified_gmt":"2021-04-16T09:37:51","slug":"visits-to-the-monuments-and-museums","status":"publish","type":"page","link":"https:\/\/descubriendomadrid.com\/en\/visits-to-the-monuments-and-museums\/","title":{"rendered":"Visits to the Monuments and Museums"},"content":{"rendered":"<p>[vc_row parallax=&#8221;content-moving&#8221; parallax_image=&#8221;5679&#8243; parallax_speed_bg=&#8221;&#8221; content_text_aligment=&#8221;&#8221; use_row_as_full_screen_section=&#8221;no&#8221; css=&#8221;.vc_custom_1544466292410{padding-top: 0px !important;padding-bottom: 0px !important;}&#8221;][vc_column][vc_row_inner row_content_width=&#8221;grid&#8221; content_text_aligment=&#8221;center&#8221;][vc_column_inner][vc_column_text]<\/p>\n<h2 style=\"text-align: center;\">VISITS TO THE MONUMENTS AND MUSEUMS<\/h2>\n<p style=\"text-align: center;\"><em>(Scheduled max 1,30 hours. Meeting point at monument or museum entrance)<\/em><\/p>\n<p>[\/vc_column_text][vc_empty_space height=&#8221;20&#8243;][vc_separator color=&#8221;custom&#8221; accent_color=&#8221;#005892&#8243;][\/vc_column_inner][\/vc_row_inner][vc_row_inner row_content_width=&#8221;grid&#8221; content_text_aligment=&#8221;&#8221;][vc_column_inner width=&#8221;1\/2&#8243;][vc_column_text]<\/p>\n<h3><strong>Royal Palace<\/strong><\/h3>\n<p>[\/vc_column_text][vc_column_text]<\/p>\n<p style=\"text-align: justify;\">Known to be the largest palace in Europe. A visit to this monument is a \u201cmust\u201d. Richly decorated, along this visit we will learn what transpired in the palace in the 18th Century, the changes undergone by the Spanish Monarchy up to our days. We will visit Royal staircase, King\u2019s Quarters, Gala dining room, Royal Chapel, Crowne room, Ambassador room, Throne room, paintings, furniture, cutlery.. etc<\/p>\n<p>[\/vc_column_text][vc_empty_space]\n    <span class=\"edgtf-icon-shortcode normal edgtf-icon-medium\"  data-hover-color=\"#005892\" data-color=\"#ec5464\">\n                    <a itemprop=\"url\" class=\"\" href=\"https:\/\/www.patrimonionacional.es\/visita\/palacio-real-de-madrid\" target=\"_self\">\n        \n        <i class=\"edgtf-icon-font-awesome fa fa-link edgtf-icon-element\" style=\"color: #ec5464\" ><\/i>\n                    <\/a>\n            <\/span>\n\n[\/vc_column_inner][vc_column_inner width=&#8221;1\/2&#8243;][vc_empty_space][vc_images_carousel images=&#8221;6266,6269,6829,6826,6969&#8243; img_size=&#8221;full&#8221; autoplay=&#8221;yes&#8221; wrap=&#8221;yes&#8221;][\/vc_column_inner][\/vc_row_inner][vc_row_inner row_content_width=&#8221;grid&#8221; content_text_aligment=&#8221;center&#8221;][vc_column_inner][vc_separator css=&#8221;.vc_custom_1544465575071{padding-top: 24px !important;padding-bottom: 12px !important;}&#8221;][\/vc_column_inner][\/vc_row_inner][vc_row_inner row_content_width=&#8221;grid&#8221; content_text_aligment=&#8221;&#8221;][vc_column_inner width=&#8221;1\/2&#8243;][vc_column_text]<\/p>\n<h3><strong>El Prado Museum<\/strong><\/h3>\n<p>[\/vc_column_text][vc_column_text]<\/p>\n<p style=\"text-align: justify;\">It&#8217;s considered as one of the most important European Museums with paintings from the XV C. to XIX C. Its origin comes from Royal Collections. Thanks to the love of the Habsburg and Bourbon royal dynasties for art, today we have the chance of enjoying the best paintings of the most famed artists. A unique chance to admire worldwide known masterpiece, high light of our Spanish painting, the queen of this Museum, &#8220;<strong>Las Meninas<\/strong>&#8220;, or \u201cThe Family of Philippe IV\u201d of <strong>Diego Rodriguez de Silva y Vel\u00e1zquez<\/strong>.<\/p>\n<p>For a tour of this museum, we offer two different options:<\/p>\n<p><strong>Spanish School. <\/strong>A walk along our history, from XV C. up to XIX C. The best collection of all time: <strong>El Greco, Ribera, Zurbar\u00e1n, Vel\u00e1zquez, Murillo and Goya<\/strong>.<\/p>\n<p><strong>Essential El Prado.<\/strong> We will see the most important artists of this museum, national and international, so that you get to know the most complete selection of: <strong>El Bosco, Van der Weyden, Tiziano, Vel\u00e1zquez, Rubens, Tintorero, Ribera, Zurbar\u00e1n, Murillo, Goya<\/strong>.[\/vc_column_text][vc_empty_space]\n    <span class=\"edgtf-icon-shortcode normal edgtf-icon-medium\"  data-hover-color=\"#005892\" data-color=\"#ec5464\">\n                    <a itemprop=\"url\" class=\"\" href=\"https:\/\/www.museodelprado.es\/\" target=\"_self\">\n        \n        <i class=\"edgtf-icon-font-awesome fa fa-link edgtf-icon-element\" style=\"color: #ec5464\" ><\/i>\n                    <\/a>\n            <\/span>\n\n[\/vc_column_inner][vc_column_inner width=&#8221;1\/2&#8243;][vc_empty_space][vc_images_carousel images=&#8221;6272,6275,6758,6755,6752&#8243; img_size=&#8221;full&#8221; autoplay=&#8221;yes&#8221; wrap=&#8221;yes&#8221;][\/vc_column_inner][\/vc_row_inner][vc_row_inner row_content_width=&#8221;grid&#8221; content_text_aligment=&#8221;center&#8221;][vc_column_inner][vc_separator css=&#8221;.vc_custom_1544465575071{padding-top: 24px !important;padding-bottom: 12px !important;}&#8221;][\/vc_column_inner][\/vc_row_inner][vc_row_inner row_content_width=&#8221;grid&#8221; content_text_aligment=&#8221;&#8221;][vc_column_inner width=&#8221;1\/2&#8243;][vc_column_text]<\/p>\n<h3><strong>Contemporary Art Museum Reina Sofia<\/strong><\/h3>\n<p>[\/vc_column_text][vc_column_text]<\/p>\n<p style=\"text-align: justify;\">The European political situation in the late 19th century\u00a0and beginning of the 20th century, called the interwar period of the 20th century, the Spanish civil war and the discovery of new technologies provoked an artistic reaction known as avant-garde and contemporary painting.<br \/>\nYou will have an approach to the feelings and thoughts of the main Spanish artists: <strong>Guti\u00e9rrez Solana, Ignacio de Zuloaga, Julio Romero de Torres, Joan Mir\u00f3, Salvador Dal\u00ed<\/strong>&#8230; And of course <strong>Pablo Ruiz Picasso<\/strong>, author of the masterpiece of this museum, known around the world: \u201c<strong>Guernica<\/strong>\u201d.<\/p>\n<p>[\/vc_column_text][vc_empty_space]\n    <span class=\"edgtf-icon-shortcode normal edgtf-icon-medium\"  data-hover-color=\"#005892\" data-color=\"#ec5464\">\n                    <a itemprop=\"url\" class=\"\" href=\"https:\/\/www.museoreinasofia.es\/\" target=\"_self\">\n        \n        <i class=\"edgtf-icon-font-awesome fa fa-link edgtf-icon-element\" style=\"color: #ec5464\" ><\/i>\n                    <\/a>\n            <\/span>\n\n[\/vc_column_inner][vc_column_inner width=&#8221;1\/2&#8243;][vc_empty_space][vc_images_carousel images=&#8221;6282,6770,6767,6764,7006&#8243; img_size=&#8221;full&#8221; autoplay=&#8221;yes&#8221; wrap=&#8221;yes&#8221;][\/vc_column_inner][\/vc_row_inner][vc_row_inner row_content_width=&#8221;grid&#8221; content_text_aligment=&#8221;center&#8221;][vc_column_inner][vc_separator css=&#8221;.vc_custom_1544465583964{padding-top: 24px !important;padding-bottom: 12px !important;}&#8221;][\/vc_column_inner][\/vc_row_inner][vc_row_inner row_content_width=&#8221;grid&#8221; content_text_aligment=&#8221;&#8221;][vc_column_inner width=&#8221;1\/2&#8243;][vc_column_text]<\/p>\n<h3><strong>Thyssen Bornemisza Museum<\/strong><\/h3>\n<p>[\/vc_column_text][vc_column_text]<\/p>\n<p style=\"text-align: justify;\">It contains more than 700 artworks. This foundation includes paintings of many foreigner painters which are not represented in Spanish museums from the gothic style <em>(14th and 15th centuries)<\/em> to pop art, and figure painting of the \u201880s which is is how this museum complements those exhibited in museums such as the Prado Museum and the Reina Sofia Museum.<\/p>\n<p>[\/vc_column_text][vc_empty_space]\n    <span class=\"edgtf-icon-shortcode normal edgtf-icon-medium\"  data-hover-color=\"#005892\" data-color=\"#ec5464\">\n                    <a itemprop=\"url\" class=\"\" href=\"https:\/\/www.museothyssen.org\/\" target=\"_self\">\n        \n        <i class=\"edgtf-icon-font-awesome fa fa-link edgtf-icon-element\" style=\"color: #ec5464\" ><\/i>\n                    <\/a>\n            <\/span>\n\n[\/vc_column_inner][vc_column_inner width=&#8221;1\/2&#8243;][vc_empty_space][vc_images_carousel images=&#8221;6286,6289,6782,6779,6776&#8243; img_size=&#8221;full&#8221; autoplay=&#8221;yes&#8221; wrap=&#8221;yes&#8221;][\/vc_column_inner][\/vc_row_inner][vc_row_inner row_content_width=&#8221;grid&#8221; content_text_aligment=&#8221;center&#8221;][vc_column_inner][vc_separator css=&#8221;.vc_custom_1544465575071{padding-top: 24px !important;padding-bottom: 12px !important;}&#8221;][\/vc_column_inner][\/vc_row_inner][vc_row_inner row_content_width=&#8221;grid&#8221; content_text_aligment=&#8221;&#8221;][vc_column_inner width=&#8221;1\/2&#8243;][vc_column_text]<\/p>\n<h3><strong>Santiago Bernabeu Stadium<\/strong><\/h3>\n<p>[\/vc_column_text][vc_column_text]<\/p>\n<p style=\"text-align: justify;\">Pay a visit to the most popular soccer stadium in Madrid. Real Madrid football club was founded in 1902. Located in Paseo de la Castellana since 1947, nowadays it is the only football stadium that we can find inside the city. An opportunity to know the history, the leyend, the awards, the \u201cpalmares\u201d, the foundation, the present and the future of the most profitable football club in Spain. Visit the grades, the football field, the dressing rooms, the press room\u2026 A very great memory!.<\/p>\n<p>[\/vc_column_text][vc_empty_space]\n    <span class=\"edgtf-icon-shortcode normal edgtf-icon-medium\"  data-hover-color=\"#005892\" data-color=\"#ec5464\">\n                    <a itemprop=\"url\" class=\"\" href=\"https:\/\/www.realmadrid.com\/estadio-santiago-bernabeu\" target=\"_self\">\n        \n        <i class=\"edgtf-icon-font-awesome fa fa-link edgtf-icon-element\" style=\"color: #ec5464\" ><\/i>\n                    <\/a>\n            <\/span>\n\n[\/vc_column_inner][vc_column_inner width=&#8221;1\/2&#8243;][vc_empty_space][vc_images_carousel images=&#8221;6628,6631&#8243; img_size=&#8221;full&#8221; autoplay=&#8221;yes&#8221; wrap=&#8221;yes&#8221;][\/vc_column_inner][\/vc_row_inner][vc_row_inner row_content_width=&#8221;grid&#8221; content_text_aligment=&#8221;center&#8221;][vc_column_inner][vc_separator css=&#8221;.vc_custom_1544465583964{padding-top: 24px !important;padding-bottom: 12px !important;}&#8221;][\/vc_column_inner][\/vc_row_inner][vc_row_inner row_content_width=&#8221;grid&#8221; content_text_aligment=&#8221;&#8221;][vc_column_inner width=&#8221;1\/2&#8243;][vc_column_text]<strong>Price for visits up to 6 pax:<\/strong><\/p>\n<p>Working days: <strong>125,00\u20ac.<\/strong><\/p>\n<p>Weekends and holidays: <strong>155,00\u20ac.<\/strong><\/p>\n<p>Extra hour: <strong>25,00\u20ac<\/strong> working days\/ <strong>30,00\u20ac<\/strong> weekends and holidays.<\/p>\n<p><em>From 6 persons or more, under request.<br \/>\nNot included: Entry tickets to monuments and transportation.<br \/>\nSome monuments need to be booked in advance. Please contact us if needed.<\/em>[\/vc_column_text][vc_separator css=&#8221;.vc_custom_1544465583964{padding-top: 24px !important;padding-bottom: 12px !important;}&#8221;]<a itemprop=\"url\" href=\"https:\/\/descubriendomadrid.com\/en\/our-parks\/\" target=\"_self\" style=\"font-weight: 600\" class=\"edgtf-btn edgtf-btn-huge edgtf-btn-solid\"  >\n    <span class=\"edgtf-btn-text\">OUR PARKS<\/span>\n    <\/a>[\/vc_column_inner][vc_column_inner width=&#8221;1\/2&#8243;][vc_empty_space height=&#8221;15px&#8221;]<div role=\"form\" class=\"wpcf7\" id=\"wpcf7-f6373-o1\" lang=\"es-ES\" dir=\"ltr\">\n<div class=\"screen-reader-response\"><p role=\"status\" aria-live=\"polite\" aria-atomic=\"true\"><\/p> <ul><\/ul><\/div>\n<form action=\"\/en\/wp-json\/wp\/v2\/pages\/6450#wpcf7-f6373-o1\" method=\"post\" class=\"wpcf7-form init cf7_custom_style_1\" novalidate=\"novalidate\" data-status=\"init\">\n<div style=\"display: none;\">\n<input type=\"hidden\" name=\"_wpcf7\" value=\"6373\" \/>\n<input type=\"hidden\" name=\"_wpcf7_version\" value=\"5.4\" \/>\n<input type=\"hidden\" name=\"_wpcf7_locale\" value=\"es_ES\" \/>\n<input type=\"hidden\" name=\"_wpcf7_unit_tag\" value=\"wpcf7-f6373-o1\" \/>\n<input type=\"hidden\" name=\"_wpcf7_container_post\" value=\"0\" \/>\n<input type=\"hidden\" name=\"_wpcf7_posted_data_hash\" value=\"\" \/>\n<input type=\"hidden\" name=\"_wpcf7_recaptcha_response\" value=\"\" \/>\n<\/div>\n<p><label><span class=\"wpcf7-form-control-wrap your-name\"><input type=\"text\" name=\"your-name\" value=\"\" size=\"40\" class=\"wpcf7-form-control wpcf7-text\" aria-invalid=\"false\" placeholder=\"Add your name here\" \/><\/span><\/label><\/p>\n<p><label><span class=\"wpcf7-form-control-wrap your-email\"><input type=\"email\" name=\"your-email\" value=\"\" size=\"40\" class=\"wpcf7-form-control wpcf7-text wpcf7-email wpcf7-validates-as-email\" aria-invalid=\"false\" placeholder=\"Your email\" \/><\/span><\/label><\/p>\n<p><label><span class=\"wpcf7-form-control-wrap your-subject\"><input type=\"text\" name=\"your-subject\" value=\"\" size=\"40\" class=\"wpcf7-form-control wpcf7-text\" aria-invalid=\"false\" placeholder=\"Write here the reason for your query\" \/><\/span><\/label><\/p>\n<p><label><span class=\"wpcf7-form-control-wrap your-message\"><textarea name=\"your-message\" cols=\"40\" rows=\"10\" class=\"wpcf7-form-control wpcf7-textarea\" aria-invalid=\"false\" placeholder=\"Finally, add here your query, your budget request, etc.\"><\/textarea><\/span> <\/label><\/p>\n<p><input type=\"submit\" value=\"Send my request\" class=\"wpcf7-form-control wpcf7-submit\" \/><\/p>\n<div><span class=\"wpcf7-form-control-wrap acceptance-316\"><span class=\"wpcf7-form-control wpcf7-acceptance\"><span class=\"wpcf7-list-item\"><input type=\"checkbox\" name=\"acceptance-316\" value=\"1\" aria-invalid=\"false\" \/><\/span><\/span><\/span> <a href=\"madridandmore.com\/privacy-policy\">I accept the Privacy and Data Protection Policy<\/a><\/div>\n<div class=\"wpcf7-response-output\" aria-hidden=\"true\"><\/div><\/form><\/div>[vc_empty_space height=&#8221;15px&#8221;][\/vc_column_inner][\/vc_row_inner][\/vc_column][\/vc_row]<\/p>\n","protected":false},"excerpt":{"rendered":"<p>[vc_row parallax=&#8221;content-moving&#8221; parallax_image=&#8221;5679&#8243; parallax_speed_bg=&#8221;&#8221; content_text_aligment=&#8221;&#8221; use_row_as_full_screen_section=&#8221;no&#8221; css=&#8221;.vc_custom_1544466292410{padding-top: 0px !important;padding-bottom: 0px !important;}&#8221;][vc_column][vc_row_inner row_content_width=&#8221;grid&#8221; content_text_aligment=&#8221;center&#8221;][vc_column_inner][vc_column_text] VISITS TO THE MONUMENTS AND MUSEUMS (Scheduled max 1,30 hours. Meeting point at monument or museum entrance) [\/vc_column_text][vc_empty_space height=&#8221;20&#8243;][vc_separator color=&#8221;custom&#8221; accent_color=&#8221;#005892&#8243;][\/vc_column_inner][\/vc_row_inner][vc_row_inner row_content_width=&#8221;grid&#8221; content_text_aligment=&#8221;&#8221;][vc_column_inner width=&#8221;1\/2&#8243;][vc_column_text] Royal Palace [\/vc_column_text][vc_column_text] Known to be the largest [&hellip;]<\/p>\n","protected":false},"author":1,"featured_media":0,"parent":0,"menu_order":0,"comment_status":"closed","ping_status":"closed","template":"full-width.php","meta":[],"_links":{"self":[{"href":"https:\/\/descubriendomadrid.com\/en\/wp-json\/wp\/v2\/pages\/6450"}],"collection":[{"href":"https:\/\/descubriendomadrid.com\/en\/wp-json\/wp\/v2\/pages"}],"about":[{"href":"https:\/\/descubriendomadrid.com\/en\/wp-json\/wp\/v2\/types\/page"}],"author":[{"embeddable":true,"href":"https:\/\/descubriendomadrid.com\/en\/wp-json\/wp\/v2\/users\/1"}],"replies":[{"embeddable":true,"href":"https:\/\/descubriendomadrid.com\/en\/wp-json\/wp\/v2\/comments?post=6450"}],"version-history":[{"count":19,"href":"https:\/\/descubriendomadrid.com\/en\/wp-json\/wp\/v2\/pages\/6450\/revisions"}],"predecessor-version":[{"id":7155,"href":"https:\/\/descubriendomadrid.com\/en\/wp-json\/wp\/v2\/pages\/6450\/revisions\/7155"}],"wp:attachment":[{"href":"https:\/\/descubriendomadrid.com\/en\/wp-json\/wp\/v2\/media?parent=6450"}],"curies":[{"name":"wp","href":"https:\/\/api.w.org\/{rel}","templated":true}]}}